{"id":55,"date":"2012-08-19T21:36:59","date_gmt":"2012-08-19T19:36:59","guid":{"rendered":"http:\/\/sozpt.fyi.sk\/?page_id=55"},"modified":"2021-03-04T08:39:18","modified_gmt":"2021-03-04T06:39:18","slug":"predsednictvo-sozpt","status":"publish","type":"page","link":"http:\/\/sozpt.fyi.sk\/?page_id=55","title":{"rendered":"Predsedn\u00edctvo SOZ PT"},"content":{"rendered":"<table border=\"0\">\n<tbody>\n<tr>\n<td valign=\"top\">ZO \u010d. 17<\/td>\n<td valign=\"top\">Milan Brlej<\/td>\n<td valign=\"top\">Predseda SOZ PT<\/td>\n<td valign=\"top\">0903 771 326<br \/>02 4425 4101<br \/>sozpt@outlook.com<\/td>\n<\/tr>\n<tr>\n<td valign=\"top\">ZO \u010d. 17<\/td>\n<td valign=\"top\">Viola Csibov\u00e1<\/td>\n<td valign=\"top\">ST, a.s.<\/td>\n<td valign=\"top\">0903 408 334<br \/>viola.csibova@telekom.sk<\/td>\n<\/tr>\n<tr>\n<td valign=\"top\">ZO \u010d. 12<\/td>\n<td valign=\"top\">Katar\u00edna Va\u013ekov\u00e1<\/td>\n<td valign=\"top\">ST, a.s.<\/td>\n<td valign=\"top\">0903 456 319<br \/>katarina.valkova@telekom.sk<\/td>\n<\/tr>\n<tr>\n<td valign=\"top\">ZO \u010d. 91<\/td>\n<td valign=\"top\">Zdenko Jonek<\/td>\n<td valign=\"top\">SP, a.s.<\/td>\n<td valign=\"top\">0944 207 083<br \/>zdeno500@gmail.com<\/td>\n<\/tr>\n<tr>\n<td valign=\"top\">ZO \u010d. 40<\/td>\n<td valign=\"top\">Ondrej Szab\u00f3<\/td>\n<td valign=\"top\">Towercom, a.s.<\/td>\n<td valign=\"top\">0902 185 950<br \/>ondrej.szabo@towercom.sk<\/td>\n<\/tr>\n<\/tbody>\n<\/table>\n<p>\u00a0<!--more--><\/p>\n<p><strong>Kore\u0161ponden\u010dn\u00e1 adresa:<\/strong><\/p>\n<address>SOZPT<\/address><address>P.O.Box 52<br \/>Kuku\u010d\u00ednova 52<br \/>830 03 \u00a0Bratislava 33<\/address>\n\n\n<p><\/p>\n","protected":false},"excerpt":{"rendered":"<p>ZO \u010d. 17 Milan Brlej Predseda SOZ PT 0903 771 32602 4425 4101sozpt@outlook.com ZO \u010d. 17 Viola Csibov\u00e1 ST, a.s. 0903 408 334viola.csibova@telekom.sk ZO \u010d. 12 Katar\u00edna Va\u013ekov\u00e1 ST, a.s. 0903 456 319katarina.valkova@telekom.sk ZO \u010d. 91 Zdenko Jonek SP, a.s. 0944 207 083zdeno500@gmail.com ZO \u010d. 40 Ondrej Szab\u00f3 Towercom, a.s. 0902 185 950ondrej.szabo@towercom.sk \u00a0<\/p>\n","protected":false},"author":1,"featured_media":0,"parent":115,"menu_order":0,"comment_status":"closed","ping_status":"closed","template":"","meta":{"footnotes":""},"class_list":["post-55","page","type-page","status-publish","hentry","post-seq-1","post-parity-odd","meta-position-corners","fix"],"_links":{"self":[{"href":"http:\/\/sozpt.fyi.sk\/index.php?rest_route=\/wp\/v2\/pages\/55","targetHints":{"allow":["GET"]}}],"collection":[{"href":"http:\/\/sozpt.fyi.sk\/index.php?rest_route=\/wp\/v2\/pages"}],"about":[{"href":"http:\/\/sozpt.fyi.sk\/index.php?rest_route=\/wp\/v2\/types\/page"}],"author":[{"embeddable":true,"href":"http:\/\/sozpt.fyi.sk\/index.php?rest_route=\/wp\/v2\/users\/1"}],"replies":[{"embeddable":true,"href":"http:\/\/sozpt.fyi.sk\/index.php?rest_route=%2Fwp%2Fv2%2Fcomments&post=55"}],"version-history":[{"count":13,"href":"http:\/\/sozpt.fyi.sk\/index.php?rest_route=\/wp\/v2\/pages\/55\/revisions"}],"predecessor-version":[{"id":348,"href":"http:\/\/sozpt.fyi.sk\/index.php?rest_route=\/wp\/v2\/pages\/55\/revisions\/348"}],"up":[{"embeddable":true,"href":"http:\/\/sozpt.fyi.sk\/index.php?rest_route=\/wp\/v2\/pages\/115"}],"wp:attachment":[{"href":"http:\/\/sozpt.fyi.sk\/index.php?rest_route=%2Fwp%2Fv2%2Fmedia&parent=55"}],"curies":[{"name":"wp","href":"https:\/\/api.w.org\/{rel}","templated":true}]}}