{"id":71,"date":"2012-08-19T21:46:12","date_gmt":"2012-08-19T19:46:12","guid":{"rendered":"http:\/\/sozpt.fyi.sk\/?page_id=71"},"modified":"2019-01-24T20:29:01","modified_gmt":"2019-01-24T18:29:01","slug":"revizna-komisia","status":"publish","type":"page","link":"http:\/\/sozpt.fyi.sk\/?page_id=71","title":{"rendered":"Rev\u00edzna komisia"},"content":{"rendered":"<table border=\"0\">\n<tbody>\n<tr>\n<td valign=\"top\">ZOO \u010d. 17<\/td>\n<td valign=\"top\">Tatiana Kov\u00e1\u010dov\u00e1<\/td>\n<td valign=\"top\">Predseda RK<\/td>\n<td valign=\"top\">0911 475 012<br \/>\ntatiana.kovacova@post.sk<\/td>\n<\/tr>\n<tr>\n<td valign=\"top\">ZOO \u010d. 17<\/td>\n<td valign=\"top\">Andrea Kaiserov\u00e1<\/td>\n<td valign=\"top\"><\/td>\n<td valign=\"top\">0914 700 418<br \/>\nandrea5505@azet.sk<\/td>\n<\/tr>\n<tr>\n<td valign=\"top\"><\/td>\n<td valign=\"top\"><\/td>\n<td valign=\"top\"><\/td>\n<td valign=\"top\"><\/td>\n<\/tr>\n<\/tbody>\n<\/table>\n","protected":false},"excerpt":{"rendered":"<p>ZOO \u010d. 17 Tatiana Kov\u00e1\u010dov\u00e1 Predseda RK 0911 475 012 tatiana.kovacova@post.sk ZOO \u010d. 17 Andrea Kaiserov\u00e1 0914 700 418 andrea5505@azet.sk<\/p>\n","protected":false},"author":1,"featured_media":0,"parent":115,"menu_order":2,"comment_status":"closed","ping_status":"closed","template":"","meta":{"footnotes":""},"class_list":["post-71","page","type-page","status-publish","hentry","post-seq-1","post-parity-odd","meta-position-corners","fix"],"_links":{"self":[{"href":"http:\/\/sozpt.fyi.sk\/index.php?rest_route=\/wp\/v2\/pages\/71","targetHints":{"allow":["GET"]}}],"collection":[{"href":"http:\/\/sozpt.fyi.sk\/index.php?rest_route=\/wp\/v2\/pages"}],"about":[{"href":"http:\/\/sozpt.fyi.sk\/index.php?rest_route=\/wp\/v2\/types\/page"}],"author":[{"embeddable":true,"href":"http:\/\/sozpt.fyi.sk\/index.php?rest_route=\/wp\/v2\/users\/1"}],"replies":[{"embeddable":true,"href":"http:\/\/sozpt.fyi.sk\/index.php?rest_route=%2Fwp%2Fv2%2Fcomments&post=71"}],"version-history":[{"count":15,"href":"http:\/\/sozpt.fyi.sk\/index.php?rest_route=\/wp\/v2\/pages\/71\/revisions"}],"predecessor-version":[{"id":226,"href":"http:\/\/sozpt.fyi.sk\/index.php?rest_route=\/wp\/v2\/pages\/71\/revisions\/226"}],"up":[{"embeddable":true,"href":"http:\/\/sozpt.fyi.sk\/index.php?rest_route=\/wp\/v2\/pages\/115"}],"wp:attachment":[{"href":"http:\/\/sozpt.fyi.sk\/index.php?rest_route=%2Fwp%2Fv2%2Fmedia&parent=71"}],"curies":[{"name":"wp","href":"https:\/\/api.w.org\/{rel}","templated":true}]}}